{"id":104,"date":"2019-10-22T18:05:49","date_gmt":"2019-10-22T16:05:49","guid":{"rendered":"http:\/\/colegiodehumanidades.gt\/cph\/?page_id=104"},"modified":"2025-12-03T21:57:25","modified_gmt":"2025-12-03T20:57:25","slug":"reglamentos","status":"publish","type":"page","link":"https:\/\/colegiodehumanidades.gt\/cph\/reglamentos\/","title":{"rendered":"Reglamentos"},"content":{"rendered":"\t\t<div data-elementor-type=\"wp-page\" data-elementor-id=\"104\" class=\"elementor elementor-104\">\n\t\t\t\t\t\t<section class=\"elementor-section elementor-top-section elementor-element elementor-element-a30fb4e elementor-section-boxed elementor-section-height-default elementor-section-height-default\" data-id=\"a30fb4e\" data-element_type=\"section\" data-e-type=\"section\">\n\t\t\t\t\t\t<div class=\"elementor-container elementor-column-gap-default\">\n\t\t\t\t\t<div class=\"elementor-column elementor-col-100 elementor-top-column elementor-element elementor-element-c05eba5\" data-id=\"c05eba5\" data-element_type=\"column\" data-e-type=\"column\">\n\t\t\t<div class=\"elementor-widget-wrap elementor-element-populated\">\n\t\t\t\t\t\t<div class=\"elementor-element elementor-element-7221228 elementor-widget elementor-widget-heading\" data-id=\"7221228\" data-element_type=\"widget\" data-e-type=\"widget\" data-widget_type=\"heading.default\">\n\t\t\t\t<div class=\"elementor-widget-container\">\n\t\t\t\t\t<h2 class=\"elementor-heading-title elementor-size-default\">Reglamentos<\/h2>\t\t\t\t<\/div>\n\t\t\t\t<\/div>\n\t\t\t\t\t<\/div>\n\t\t<\/div>\n\t\t\t\t\t<\/div>\n\t\t<\/section>\n\t\t\t\t<section class=\"elementor-section elementor-top-section elementor-element elementor-element-ccbdac7 elementor-section-boxed elementor-section-height-default elementor-section-height-default\" data-id=\"ccbdac7\" data-element_type=\"section\" data-e-type=\"section\">\n\t\t\t\t\t\t<div class=\"elementor-container elementor-column-gap-default\">\n\t\t\t\t\t<div class=\"elementor-column elementor-col-100 elementor-top-column elementor-element elementor-element-748371f\" data-id=\"748371f\" data-element_type=\"column\" data-e-type=\"column\">\n\t\t\t<div class=\"elementor-widget-wrap elementor-element-populated\">\n\t\t\t\t\t\t<div class=\"elementor-element elementor-element-44e484c elementor-widget elementor-widget-text-editor\" data-id=\"44e484c\" data-element_type=\"widget\" data-e-type=\"widget\" data-widget_type=\"text-editor.default\">\n\t\t\t\t<div class=\"elementor-widget-container\">\n\t\t\t\t\t\t\t\t\t<p>A continuaci\u00f3n te proporcionamos los reglamentos en formato descargable.<\/p>\t\t\t\t\t\t\t\t<\/div>\n\t\t\t\t<\/div>\n\t\t\t\t\t<\/div>\n\t\t<\/div>\n\t\t\t\t\t<\/div>\n\t\t<\/section>\n\t\t\t\t<section class=\"elementor-section elementor-top-section elementor-element elementor-element-fee7847 elementor-section-boxed elementor-section-height-default elementor-section-height-default\" data-id=\"fee7847\" data-element_type=\"section\" data-e-type=\"section\">\n\t\t\t\t\t\t<div class=\"elementor-container elementor-column-gap-default\">\n\t\t\t\t\t<div class=\"elementor-column elementor-col-100 elementor-top-column elementor-element elementor-element-a59353a\" data-id=\"a59353a\" data-element_type=\"column\" data-e-type=\"column\">\n\t\t\t<div class=\"elementor-widget-wrap elementor-element-populated\">\n\t\t\t\t\t\t<div class=\"elementor-element elementor-element-19e0bdb elementor-widget elementor-widget-text-editor\" data-id=\"19e0bdb\" data-element_type=\"widget\" data-e-type=\"widget\" data-widget_type=\"text-editor.default\">\n\t\t\t\t<div class=\"elementor-widget-container\">\n\t\t\t\t\t\t\t\t\t<table class=\"table table-striped\">\n<thead>\n<tr>\n<th scope=\"col\">#<\/th>\n<th scope=\"col\">Reglamento<\/th>\n<\/tr>\n<\/thead>\n<tbody>\n<tr>\n<th scope=\"row\">1<\/th>\n<td><a href=\"..\/wp-content\/uploads\/2019\/10\/Ley-72-2001.pdf\" target=\"_blank\" rel=\"noopener noreferrer\">LEY DE COLEGIACI\u00d3N PROFESIONAL OBLIGATORIA, DECRETO, 72-2001<\/a><\/td>\n<\/tr>\n<tr>\n<th scope=\"row\">2<\/th>\n<td><a href=\"..\/wp-content\/uploads\/2019\/10\/estatuto_del_colegio_de_humanidades_vigente.pdf\" target=\"_blank\" rel=\"noopener noreferrer\">ESTATUTO DEL COLEGIO DE HUMANIDADES -VIGENTE<\/a><\/td>\n<\/tr>\n<tr>\n<th scope=\"row\">3<\/th>\n<td><a href=\"..\/wp-content\/uploads\/2019\/10\/Codigo-de-Etica.pdf\" target=\"_blank\" rel=\"noopener noreferrer\">C\u00d3DIGO DE \u00c9TICA<\/a><\/td>\n<\/tr>\n<tr>\n<th scope=\"row\">4<\/th>\n<td><a href=\"..\/wp-content\/uploads\/2023\/05\/Plan-de-Prestaciones-Sociales-1.pdf\" target=\"_blank\" rel=\"noopener noreferrer\">PLAN DE PRESTACIONES SOCIALES<\/a><\/td>\n<\/tr>\n<tr>\n<th scope=\"row\">5<\/th>\n<td><a href=\"https:\/\/colegiodehumanidades.gt\/cph\/wp-content\/uploads\/2025\/12\/REGLAMENTO_DE_ELECCIONES_COLEGIO-DE-HUMANIDADES.pdf\" target=\"_blank\" rel=\"noopener noreferrer\">REGLAMENTO DE ELECCIONES COLEGIO PROFESIONAL DE HUMANIDADES<\/a><\/td>\n<\/tr>\n<\/tbody>\n<\/table>\t\t\t\t\t\t\t\t<\/div>\n\t\t\t\t<\/div>\n\t\t\t\t\t<\/div>\n\t\t<\/div>\n\t\t\t\t\t<\/div>\n\t\t<\/section>\n\t\t\t\t<section class=\"elementor-section elementor-top-section elementor-element elementor-element-3820f28 elementor-section-boxed elementor-section-height-default elementor-section-height-default\" data-id=\"3820f28\" data-element_type=\"section\" data-e-type=\"section\">\n\t\t\t\t\t\t<div class=\"elementor-container elementor-column-gap-default\">\n\t\t\t\t\t<div class=\"elementor-column elementor-col-100 elementor-top-column elementor-element elementor-element-26842fa\" data-id=\"26842fa\" data-element_type=\"column\" data-e-type=\"column\">\n\t\t\t<div class=\"elementor-widget-wrap elementor-element-populated\">\n\t\t\t\t\t\t<div class=\"elementor-element elementor-element-eb67044 elementor-widget elementor-widget-spacer\" data-id=\"eb67044\" data-element_type=\"widget\" data-e-type=\"widget\" data-widget_type=\"spacer.default\">\n\t\t\t\t<div class=\"elementor-widget-container\">\n\t\t\t\t\t\t\t<div class=\"elementor-spacer\">\n\t\t\t<div class=\"elementor-spacer-inner\"><\/div>\n\t\t<\/div>\n\t\t\t\t\t\t<\/div>\n\t\t\t\t<\/div>\n\t\t\t\t\t<\/div>\n\t\t<\/div>\n\t\t\t\t\t<\/div>\n\t\t<\/section>\n\t\t\t\t<\/div>\n\t\t","protected":false},"excerpt":{"rendered":"<p>Reglamentos A continuaci\u00f3n te proporcionamos los reglamentos en formato descargable. # Reglamento 1 LEY DE COLEGIACI\u00d3N PROFESIONAL OBLIGATORIA, DECRETO, 72-2001 2 ESTATUTO DEL COLEGIO DE HUMANIDADES -VIGENTE 3 C\u00d3DIGO DE \u00c9TICA 4 PLAN DE PRESTACIONES SOCIALES 5 REGLAMENTO DE ELECCIONES COLEGIO PROFESIONAL DE HUMANIDADES<\/p>\n","protected":false},"author":1,"featured_media":0,"parent":0,"menu_order":0,"comment_status":"closed","ping_status":"closed","template":"","meta":{"footnotes":""},"class_list":["post-104","page","type-page","status-publish","hentry"],"_links":{"self":[{"href":"https:\/\/colegiodehumanidades.gt\/cph\/wp-json\/wp\/v2\/pages\/104","targetHints":{"allow":["GET"]}}],"collection":[{"href":"https:\/\/colegiodehumanidades.gt\/cph\/wp-json\/wp\/v2\/pages"}],"about":[{"href":"https:\/\/colegiodehumanidades.gt\/cph\/wp-json\/wp\/v2\/types\/page"}],"author":[{"embeddable":true,"href":"https:\/\/colegiodehumanidades.gt\/cph\/wp-json\/wp\/v2\/users\/1"}],"replies":[{"embeddable":true,"href":"https:\/\/colegiodehumanidades.gt\/cph\/wp-json\/wp\/v2\/comments?post=104"}],"version-history":[{"count":24,"href":"https:\/\/colegiodehumanidades.gt\/cph\/wp-json\/wp\/v2\/pages\/104\/revisions"}],"predecessor-version":[{"id":2373,"href":"https:\/\/colegiodehumanidades.gt\/cph\/wp-json\/wp\/v2\/pages\/104\/revisions\/2373"}],"wp:attachment":[{"href":"https:\/\/colegiodehumanidades.gt\/cph\/wp-json\/wp\/v2\/media?parent=104"}],"curies":[{"name":"wp","href":"https:\/\/api.w.org\/{rel}","templated":true}]}}