{"id":123,"date":"2019-10-22T18:55:13","date_gmt":"2019-10-22T16:55:13","guid":{"rendered":"http:\/\/colegiodehumanidades.gt\/cph\/?page_id=123"},"modified":"2026-01-10T02:34:46","modified_gmt":"2026-01-10T01:34:46","slug":"autoridades","status":"publish","type":"page","link":"https:\/\/colegiodehumanidades.gt\/cph\/autoridades\/","title":{"rendered":"Autoridades"},"content":{"rendered":"\t\t<div data-elementor-type=\"wp-page\" data-elementor-id=\"123\" class=\"elementor elementor-123\">\n\t\t\t\t\t\t<section class=\"elementor-section elementor-top-section elementor-element elementor-element-84b8e15 elementor-section-boxed elementor-section-height-default elementor-section-height-default\" data-id=\"84b8e15\" data-element_type=\"section\" data-e-type=\"section\">\n\t\t\t\t\t\t<div class=\"elementor-container elementor-column-gap-default\">\n\t\t\t\t\t<div class=\"elementor-column elementor-col-100 elementor-top-column elementor-element elementor-element-f0979f0\" data-id=\"f0979f0\" data-element_type=\"column\" data-e-type=\"column\">\n\t\t\t<div class=\"elementor-widget-wrap elementor-element-populated\">\n\t\t\t\t\t\t<div class=\"elementor-element elementor-element-06c1067 elementor-widget elementor-widget-heading\" data-id=\"06c1067\" data-element_type=\"widget\" data-e-type=\"widget\" data-widget_type=\"heading.default\">\n\t\t\t\t<div class=\"elementor-widget-container\">\n\t\t\t\t\t<h2 class=\"elementor-heading-title elementor-size-default\">Autoridades<\/h2>\t\t\t\t<\/div>\n\t\t\t\t<\/div>\n\t\t\t\t\t<\/div>\n\t\t<\/div>\n\t\t\t\t\t<\/div>\n\t\t<\/section>\n\t\t\t\t<section class=\"elementor-section elementor-top-section elementor-element elementor-element-51de700 elementor-section-boxed elementor-section-height-default elementor-section-height-default\" data-id=\"51de700\" data-element_type=\"section\" data-e-type=\"section\">\n\t\t\t\t\t\t<div class=\"elementor-container elementor-column-gap-default\">\n\t\t\t\t\t<div class=\"elementor-column elementor-col-100 elementor-top-column elementor-element elementor-element-a6ebd00\" data-id=\"a6ebd00\" data-element_type=\"column\" data-e-type=\"column\">\n\t\t\t<div class=\"elementor-widget-wrap elementor-element-populated\">\n\t\t\t\t\t\t<div class=\"elementor-element elementor-element-6d5ec34 elementor-widget elementor-widget-spacer\" data-id=\"6d5ec34\" data-element_type=\"widget\" data-e-type=\"widget\" data-widget_type=\"spacer.default\">\n\t\t\t\t<div class=\"elementor-widget-container\">\n\t\t\t\t\t\t\t<div class=\"elementor-spacer\">\n\t\t\t<div class=\"elementor-spacer-inner\"><\/div>\n\t\t<\/div>\n\t\t\t\t\t\t<\/div>\n\t\t\t\t<\/div>\n\t\t\t\t\t<\/div>\n\t\t<\/div>\n\t\t\t\t\t<\/div>\n\t\t<\/section>\n\t\t\t\t<section class=\"elementor-section elementor-top-section elementor-element elementor-element-91579d4 elementor-section-boxed elementor-section-height-default elementor-section-height-default\" data-id=\"91579d4\" data-element_type=\"section\" data-e-type=\"section\">\n\t\t\t\t\t\t<div class=\"elementor-container elementor-column-gap-default\">\n\t\t\t\t\t<div class=\"elementor-column elementor-col-100 elementor-top-column elementor-element elementor-element-cec8587\" data-id=\"cec8587\" data-element_type=\"column\" data-e-type=\"column\">\n\t\t\t<div class=\"elementor-widget-wrap elementor-element-populated\">\n\t\t\t\t\t\t<div class=\"elementor-element elementor-element-ec2ee8a elementor-widget elementor-widget-heading\" data-id=\"ec2ee8a\" data-element_type=\"widget\" data-e-type=\"widget\" data-widget_type=\"heading.default\">\n\t\t\t\t<div class=\"elementor-widget-container\">\n\t\t\t\t\t<h3 class=\"elementor-heading-title elementor-size-default\">Junta Directiva<\/h3>\t\t\t\t<\/div>\n\t\t\t\t<\/div>\n\t\t\t\t\t<\/div>\n\t\t<\/div>\n\t\t\t\t\t<\/div>\n\t\t<\/section>\n\t\t\t\t<section class=\"elementor-section elementor-top-section elementor-element elementor-element-6493e9a elementor-section-boxed elementor-section-height-default elementor-section-height-default\" data-id=\"6493e9a\" data-element_type=\"section\" data-e-type=\"section\">\n\t\t\t\t\t\t<div class=\"elementor-container elementor-column-gap-default\">\n\t\t\t\t\t<div class=\"elementor-column elementor-col-100 elementor-top-column elementor-element elementor-element-78ee785\" data-id=\"78ee785\" data-element_type=\"column\" data-e-type=\"column\">\n\t\t\t<div class=\"elementor-widget-wrap elementor-element-populated\">\n\t\t\t\t\t\t<div class=\"elementor-element elementor-element-fa143e8 elementor-widget elementor-widget-text-editor\" data-id=\"fa143e8\" data-element_type=\"widget\" data-e-type=\"widget\" data-widget_type=\"text-editor.default\">\n\t\t\t\t<div class=\"elementor-widget-container\">\n\t\t\t\t\t\t\t\t\t<table class=\"table table-striped\"><thead><tr><th>Nombre<\/th><th style=\"width: 20%;\">Cargo<\/th><\/tr><\/thead><tbody><tr><td><span style=\"font-family: Arial, sans-serif;\">Mtra. Mayra Damaris Solares Salazar<\/span><\/td><td><b>Presidenta<\/b><\/td><\/tr><tr><td><span style=\"font-family: Arial, sans-serif;\">Licenciado Miguel \u00c1ngel Moscoso Vidal<\/span><\/td><td><b>Vicepresidente<\/b><\/td><\/tr><tr><td><span style=\"font-family: Arial, sans-serif;\">Licenciado Jos\u00e9 Antonio Mart\u00ednez Ord\u00f3\u00f1ez<\/span><\/td><td><b>Secretario<\/b><\/td><\/tr><tr><td><span style=\"font-family: Arial, sans-serif;\">Licenciado Walfr\u00e9 Gonzalo Estrada Reyes<\/span><\/td><td><b>Prosecretario<\/b><\/td><\/tr><tr><td><span style=\"font-family: Arial, sans-serif;\">Licenciada Mar\u00eda Victoria Flores Gudiel<\/span><\/td><td><b>Vocal I<\/b><\/td><\/tr><tr><td><span style=\"font-family: Arial, sans-serif;\">Licenciada Elda Clorinda Marroqu\u00edn Itzol<\/span><\/td><td><b>Vocal II<\/b><\/td><\/tr><tr><td><span style=\"font-family: Arial, sans-serif;\">Doctora Cindy Gabriela Acevedo Cerme\u00f1o<\/span><\/td><td><b>Tesorera<\/b><\/td><\/tr><\/tbody><\/table>\t\t\t\t\t\t\t\t<\/div>\n\t\t\t\t<\/div>\n\t\t\t\t\t<\/div>\n\t\t<\/div>\n\t\t\t\t\t<\/div>\n\t\t<\/section>\n\t\t\t\t<section class=\"elementor-section elementor-top-section elementor-element elementor-element-f1dc16b elementor-section-boxed elementor-section-height-default elementor-section-height-default\" data-id=\"f1dc16b\" data-element_type=\"section\" data-e-type=\"section\">\n\t\t\t\t\t\t<div class=\"elementor-container elementor-column-gap-default\">\n\t\t\t\t\t<div class=\"elementor-column elementor-col-100 elementor-top-column elementor-element elementor-element-3853471\" data-id=\"3853471\" data-element_type=\"column\" data-e-type=\"column\">\n\t\t\t<div class=\"elementor-widget-wrap elementor-element-populated\">\n\t\t\t\t\t\t<div class=\"elementor-element elementor-element-48dff00 elementor-widget-divider--view-line elementor-widget elementor-widget-divider\" data-id=\"48dff00\" data-element_type=\"widget\" data-e-type=\"widget\" data-widget_type=\"divider.default\">\n\t\t\t\t<div class=\"elementor-widget-container\">\n\t\t\t\t\t\t\t<div class=\"elementor-divider\">\n\t\t\t<span class=\"elementor-divider-separator\">\n\t\t\t\t\t\t<\/span>\n\t\t<\/div>\n\t\t\t\t\t\t<\/div>\n\t\t\t\t<\/div>\n\t\t\t\t\t<\/div>\n\t\t<\/div>\n\t\t\t\t\t<\/div>\n\t\t<\/section>\n\t\t\t\t<section class=\"elementor-section elementor-top-section elementor-element elementor-element-eb72321 elementor-section-boxed elementor-section-height-default elementor-section-height-default\" data-id=\"eb72321\" data-element_type=\"section\" data-e-type=\"section\">\n\t\t\t\t\t\t<div class=\"elementor-container elementor-column-gap-default\">\n\t\t\t\t\t<div class=\"elementor-column elementor-col-100 elementor-top-column elementor-element elementor-element-b5709a3\" data-id=\"b5709a3\" data-element_type=\"column\" data-e-type=\"column\">\n\t\t\t<div class=\"elementor-widget-wrap elementor-element-populated\">\n\t\t\t\t\t\t<div class=\"elementor-element elementor-element-585f5c1 elementor-widget elementor-widget-heading\" data-id=\"585f5c1\" data-element_type=\"widget\" data-e-type=\"widget\" data-widget_type=\"heading.default\">\n\t\t\t\t<div class=\"elementor-widget-container\">\n\t\t\t\t\t<h3 class=\"elementor-heading-title elementor-size-default\">Tribunal de Honor<\/h3>\t\t\t\t<\/div>\n\t\t\t\t<\/div>\n\t\t\t\t\t<\/div>\n\t\t<\/div>\n\t\t\t\t\t<\/div>\n\t\t<\/section>\n\t\t\t\t<section class=\"elementor-section elementor-top-section elementor-element elementor-element-d73ea2c elementor-section-boxed elementor-section-height-default elementor-section-height-default\" data-id=\"d73ea2c\" data-element_type=\"section\" data-e-type=\"section\">\n\t\t\t\t\t\t<div class=\"elementor-container elementor-column-gap-default\">\n\t\t\t\t\t<div class=\"elementor-column elementor-col-100 elementor-top-column elementor-element elementor-element-4021498\" data-id=\"4021498\" data-element_type=\"column\" data-e-type=\"column\">\n\t\t\t<div class=\"elementor-widget-wrap elementor-element-populated\">\n\t\t\t\t\t\t<div class=\"elementor-element elementor-element-d55b10e elementor-widget elementor-widget-text-editor\" data-id=\"d55b10e\" data-element_type=\"widget\" data-e-type=\"widget\" data-widget_type=\"text-editor.default\">\n\t\t\t\t<div class=\"elementor-widget-container\">\n\t\t\t\t\t\t\t\t\t<table class=\"table table-striped\"><thead><tr><th>Nombre<\/th><th style=\"width: 20%;\" scope=\"col\">Cargo<\/th><\/tr><\/thead><tbody><tr><td>Licenciado Juan Pablo Gonz\u00e1lez de Le\u00f3n<\/td><td><b>Presidente<\/b><\/td><\/tr><tr><td>Licenciado Orcelio Hern\u00e1ndez Garc\u00eda<\/td><td><b>Vicepresidente<\/b><\/td><\/tr><tr><td>Licenciada Gladys Eugenia Ortiz Morales<\/td><td><b>Secretaria<\/b><\/td><\/tr><tr><td>Licenciado Melvin Mariel Lemus Gonz\u00e1lez<\/td><td><b>Vocal I<\/b><\/td><\/tr><tr><td>Licenciada Mar\u00eda Isabel Merlos Merlos<\/td><td><b>Vocal II<\/b><\/td><\/tr><tr><td>Licenciado Ara\u00e9l Abelino Guzman Bravo<\/td><td><b>Vocal III<\/b><\/td><\/tr><tr><td>Doctor Hugo Mendoza V\u00e1squez<\/td><td><b>Vocal IV<\/b><\/td><\/tr><tr><td>Licenciada Alma Cruz Guardado Mijango<\/td><td><b>Suplente<\/b><\/td><\/tr><tr><td>Licenciado Neftali Gutierres Alvarez<\/td><td><b>Suplente<\/b><\/td><\/tr><\/tbody><\/table>\t\t\t\t\t\t\t\t<\/div>\n\t\t\t\t<\/div>\n\t\t\t\t\t<\/div>\n\t\t<\/div>\n\t\t\t\t\t<\/div>\n\t\t<\/section>\n\t\t\t\t<section class=\"elementor-section elementor-top-section elementor-element elementor-element-280b196 elementor-section-boxed elementor-section-height-default elementor-section-height-default\" data-id=\"280b196\" data-element_type=\"section\" data-e-type=\"section\">\n\t\t\t\t\t\t<div class=\"elementor-container elementor-column-gap-default\">\n\t\t\t\t\t<div class=\"elementor-column elementor-col-100 elementor-top-column elementor-element elementor-element-6e74575\" data-id=\"6e74575\" data-element_type=\"column\" data-e-type=\"column\">\n\t\t\t<div class=\"elementor-widget-wrap elementor-element-populated\">\n\t\t\t\t\t\t<div class=\"elementor-element elementor-element-a207cd3 elementor-widget-divider--view-line elementor-widget elementor-widget-divider\" data-id=\"a207cd3\" data-element_type=\"widget\" data-e-type=\"widget\" data-widget_type=\"divider.default\">\n\t\t\t\t<div class=\"elementor-widget-container\">\n\t\t\t\t\t\t\t<div class=\"elementor-divider\">\n\t\t\t<span class=\"elementor-divider-separator\">\n\t\t\t\t\t\t<\/span>\n\t\t<\/div>\n\t\t\t\t\t\t<\/div>\n\t\t\t\t<\/div>\n\t\t\t\t\t<\/div>\n\t\t<\/div>\n\t\t\t\t\t<\/div>\n\t\t<\/section>\n\t\t\t\t<section class=\"elementor-section elementor-top-section elementor-element elementor-element-4bdd700 elementor-section-boxed elementor-section-height-default elementor-section-height-default\" data-id=\"4bdd700\" data-element_type=\"section\" data-e-type=\"section\">\n\t\t\t\t\t\t<div class=\"elementor-container elementor-column-gap-default\">\n\t\t\t\t\t<div class=\"elementor-column elementor-col-100 elementor-top-column elementor-element elementor-element-5f7a1c8\" data-id=\"5f7a1c8\" data-element_type=\"column\" data-e-type=\"column\">\n\t\t\t<div class=\"elementor-widget-wrap elementor-element-populated\">\n\t\t\t\t\t\t<div class=\"elementor-element elementor-element-4d1bdc9 elementor-widget elementor-widget-heading\" data-id=\"4d1bdc9\" data-element_type=\"widget\" data-e-type=\"widget\" data-widget_type=\"heading.default\">\n\t\t\t\t<div class=\"elementor-widget-container\">\n\t\t\t\t\t<h3 class=\"elementor-heading-title elementor-size-default\">Tribunal Electoral<\/h3>\t\t\t\t<\/div>\n\t\t\t\t<\/div>\n\t\t\t\t\t<\/div>\n\t\t<\/div>\n\t\t\t\t\t<\/div>\n\t\t<\/section>\n\t\t\t\t<section class=\"elementor-section elementor-top-section elementor-element elementor-element-54b9b75 elementor-section-boxed elementor-section-height-default elementor-section-height-default\" data-id=\"54b9b75\" data-element_type=\"section\" data-e-type=\"section\">\n\t\t\t\t\t\t<div class=\"elementor-container elementor-column-gap-default\">\n\t\t\t\t\t<div class=\"elementor-column elementor-col-100 elementor-top-column elementor-element elementor-element-276ad26\" data-id=\"276ad26\" data-element_type=\"column\" data-e-type=\"column\">\n\t\t\t<div class=\"elementor-widget-wrap elementor-element-populated\">\n\t\t\t\t\t\t<div class=\"elementor-element elementor-element-11cdd8d elementor-widget elementor-widget-text-editor\" data-id=\"11cdd8d\" data-element_type=\"widget\" data-e-type=\"widget\" data-widget_type=\"text-editor.default\">\n\t\t\t\t<div class=\"elementor-widget-container\">\n\t\t\t\t\t\t\t\t\t<table class=\"table table-striped\"><thead><tr><th>Nombre<\/th><th style=\"width: 20%;\" scope=\"col\">Cargo<\/th><\/tr><\/thead><tbody><tr><td>Doctor Carlos Alberto Granados Posadas<\/td><td><b>Presidente<\/b><\/td><\/tr><tr><td>Licenciada Mariana Isabel Ju\u00e1rez Cheguen<\/td><td><b>Secretaria<\/b><\/td><\/tr><tr><td>Licenciado H\u00e9ctor Hugo Lima Conde<\/td><td><b>Vocal I<\/b><\/td><\/tr><tr><td>Licenciada Lubia Magali Guerra Sagastume<\/td><td><b>Vocal II<\/b><\/td><\/tr><tr><td>Licenciado Edwin To\u00f1ino Garc\u00eda Ram\u00edrez<\/td><td><b>Vocal III<\/b><\/td><\/tr><tr><td>Licenciada Sof\u00eda Elizabeth Gamarro Ochoa<\/td><td><b>Suplente<\/b><\/td><\/tr><tr><td>Licenciado Julio Armando Car Estrada<\/td><td><b>Suplente<\/b><\/td><\/tr><\/tbody><\/table>\t\t\t\t\t\t\t\t<\/div>\n\t\t\t\t<\/div>\n\t\t\t\t\t<\/div>\n\t\t<\/div>\n\t\t\t\t\t<\/div>\n\t\t<\/section>\n\t\t\t\t<section class=\"elementor-section elementor-top-section elementor-element elementor-element-3a7c52a elementor-section-boxed elementor-section-height-default elementor-section-height-default\" data-id=\"3a7c52a\" data-element_type=\"section\" data-e-type=\"section\">\n\t\t\t\t\t\t<div class=\"elementor-container elementor-column-gap-default\">\n\t\t\t\t\t<div class=\"elementor-column elementor-col-100 elementor-top-column elementor-element elementor-element-7fc9b72\" data-id=\"7fc9b72\" data-element_type=\"column\" data-e-type=\"column\">\n\t\t\t<div class=\"elementor-widget-wrap elementor-element-populated\">\n\t\t\t\t\t\t<div class=\"elementor-element elementor-element-ba35436 elementor-widget-divider--view-line elementor-widget elementor-widget-divider\" data-id=\"ba35436\" data-element_type=\"widget\" data-e-type=\"widget\" data-widget_type=\"divider.default\">\n\t\t\t\t<div class=\"elementor-widget-container\">\n\t\t\t\t\t\t\t<div class=\"elementor-divider\">\n\t\t\t<span class=\"elementor-divider-separator\">\n\t\t\t\t\t\t<\/span>\n\t\t<\/div>\n\t\t\t\t\t\t<\/div>\n\t\t\t\t<\/div>\n\t\t\t\t\t<\/div>\n\t\t<\/div>\n\t\t\t\t\t<\/div>\n\t\t<\/section>\n\t\t\t\t<section class=\"elementor-section elementor-top-section elementor-element elementor-element-21dac5b elementor-section-boxed elementor-section-height-default elementor-section-height-default\" data-id=\"21dac5b\" data-element_type=\"section\" data-e-type=\"section\">\n\t\t\t\t\t\t<div class=\"elementor-container elementor-column-gap-default\">\n\t\t\t\t\t<div class=\"elementor-column elementor-col-100 elementor-top-column elementor-element elementor-element-c98969c\" data-id=\"c98969c\" data-element_type=\"column\" data-e-type=\"column\">\n\t\t\t<div class=\"elementor-widget-wrap elementor-element-populated\">\n\t\t\t\t\t\t<div class=\"elementor-element elementor-element-1a9fb35 elementor-widget elementor-widget-heading\" data-id=\"1a9fb35\" data-element_type=\"widget\" data-e-type=\"widget\" data-widget_type=\"heading.default\">\n\t\t\t\t<div class=\"elementor-widget-container\">\n\t\t\t\t\t<h3 class=\"elementor-heading-title elementor-size-default\">Junta Administrativa del Plan de Prestaciones<\/h3>\t\t\t\t<\/div>\n\t\t\t\t<\/div>\n\t\t\t\t\t<\/div>\n\t\t<\/div>\n\t\t\t\t\t<\/div>\n\t\t<\/section>\n\t\t\t\t<section class=\"elementor-section elementor-top-section elementor-element elementor-element-b5838e0 elementor-section-boxed elementor-section-height-default elementor-section-height-default\" data-id=\"b5838e0\" data-element_type=\"section\" data-e-type=\"section\">\n\t\t\t\t\t\t<div class=\"elementor-container elementor-column-gap-default\">\n\t\t\t\t\t<div class=\"elementor-column elementor-col-100 elementor-top-column elementor-element elementor-element-309c8b3\" data-id=\"309c8b3\" data-element_type=\"column\" data-e-type=\"column\">\n\t\t\t<div class=\"elementor-widget-wrap elementor-element-populated\">\n\t\t\t\t\t\t<div class=\"elementor-element elementor-element-da17c2c elementor-widget elementor-widget-text-editor\" data-id=\"da17c2c\" data-element_type=\"widget\" data-e-type=\"widget\" data-widget_type=\"text-editor.default\">\n\t\t\t\t<div class=\"elementor-widget-container\">\n\t\t\t\t\t\t\t\t\t<table class=\"table table-striped\"><thead><tr><th>Nombre<\/th><th style=\"width: 20%;\" scope=\"col\">Cargo<\/th><\/tr><\/thead><tbody><tr><td>Licenciada Sonia Navas Herrarte<\/td><td><b>Presidenta<\/b><\/td><\/tr><tr><td>Licenciada Juana Reginalda Rodr\u00edguez Car\u00edas<\/td><td><b>Secretaria<\/b><\/td><\/tr><tr><td>Licenciado Mynor Giovany Morales Blanco<\/td><td><b>Tesorero<\/b><\/td><\/tr><tr><td>Licenciada Mar\u00eda Magnolia Boteo Morataya<\/td><td><b>Vocal I<\/b><\/td><\/tr><tr><td>Licenciada Lendy Magaly Montenegro Quevedo<\/td><td><b>Suplente<\/b><\/td><\/tr><tr><td>Licenciado Melquiades Zepeda Garc\u00eda<\/td><td><b>Suplente<\/b><\/td><\/tr><\/tbody><\/table>\t\t\t\t\t\t\t\t<\/div>\n\t\t\t\t<\/div>\n\t\t\t\t\t<\/div>\n\t\t<\/div>\n\t\t\t\t\t<\/div>\n\t\t<\/section>\n\t\t\t\t<section class=\"elementor-section elementor-top-section elementor-element elementor-element-1de7c24 elementor-section-boxed elementor-section-height-default elementor-section-height-default\" data-id=\"1de7c24\" data-element_type=\"section\" data-e-type=\"section\">\n\t\t\t\t\t\t<div class=\"elementor-container elementor-column-gap-default\">\n\t\t\t\t\t<div class=\"elementor-column elementor-col-100 elementor-top-column elementor-element elementor-element-29382af\" data-id=\"29382af\" data-element_type=\"column\" data-e-type=\"column\">\n\t\t\t<div class=\"elementor-widget-wrap elementor-element-populated\">\n\t\t\t\t\t\t<div class=\"elementor-element elementor-element-7cacd71 elementor-widget elementor-widget-spacer\" data-id=\"7cacd71\" data-element_type=\"widget\" data-e-type=\"widget\" data-widget_type=\"spacer.default\">\n\t\t\t\t<div class=\"elementor-widget-container\">\n\t\t\t\t\t\t\t<div class=\"elementor-spacer\">\n\t\t\t<div class=\"elementor-spacer-inner\"><\/div>\n\t\t<\/div>\n\t\t\t\t\t\t<\/div>\n\t\t\t\t<\/div>\n\t\t\t\t\t<\/div>\n\t\t<\/div>\n\t\t\t\t\t<\/div>\n\t\t<\/section>\n\t\t\t\t<\/div>\n\t\t","protected":false},"excerpt":{"rendered":"<p>Autoridades Junta Directiva Nombre Cargo Mtra. Mayra Damaris Solares Salazar Presidenta Licenciado Miguel \u00c1ngel Moscoso Vidal Vicepresidente Licenciado Jos\u00e9 Antonio Mart\u00ednez Ord\u00f3\u00f1ez Secretario Licenciado Walfr\u00e9 Gonzalo Estrada Reyes Prosecretario Licenciada Mar\u00eda Victoria Flores Gudiel Vocal I Licenciada Elda Clorinda Marroqu\u00edn Itzol Vocal II Doctora Cindy Gabriela Acevedo Cerme\u00f1o Tesorera Tribunal de Honor Nombre Cargo Licenciado [&hellip;]<\/p>\n","protected":false},"author":1,"featured_media":0,"parent":0,"menu_order":0,"comment_status":"closed","ping_status":"closed","template":"","meta":{"footnotes":""},"class_list":["post-123","page","type-page","status-publish","hentry"],"_links":{"self":[{"href":"https:\/\/colegiodehumanidades.gt\/cph\/wp-json\/wp\/v2\/pages\/123","targetHints":{"allow":["GET"]}}],"collection":[{"href":"https:\/\/colegiodehumanidades.gt\/cph\/wp-json\/wp\/v2\/pages"}],"about":[{"href":"https:\/\/colegiodehumanidades.gt\/cph\/wp-json\/wp\/v2\/types\/page"}],"author":[{"embeddable":true,"href":"https:\/\/colegiodehumanidades.gt\/cph\/wp-json\/wp\/v2\/users\/1"}],"replies":[{"embeddable":true,"href":"https:\/\/colegiodehumanidades.gt\/cph\/wp-json\/wp\/v2\/comments?post=123"}],"version-history":[{"count":30,"href":"https:\/\/colegiodehumanidades.gt\/cph\/wp-json\/wp\/v2\/pages\/123\/revisions"}],"predecessor-version":[{"id":2421,"href":"https:\/\/colegiodehumanidades.gt\/cph\/wp-json\/wp\/v2\/pages\/123\/revisions\/2421"}],"wp:attachment":[{"href":"https:\/\/colegiodehumanidades.gt\/cph\/wp-json\/wp\/v2\/media?parent=123"}],"curies":[{"name":"wp","href":"https:\/\/api.w.org\/{rel}","templated":true}]}}