{"id":2542,"date":"2026-04-02T08:46:37","date_gmt":"2026-04-02T14:46:37","guid":{"rendered":"https:\/\/colegiodehumanidades.gt\/cph\/?page_id=2542"},"modified":"2026-04-29T12:04:39","modified_gmt":"2026-04-29T18:04:39","slug":"actualizacion-de-datos-agremiados","status":"publish","type":"page","link":"https:\/\/colegiodehumanidades.gt\/cph\/actualizacion-de-datos-agremiados\/","title":{"rendered":"Actualizaci\u00f3n de Datos Agremiados"},"content":{"rendered":"\n<p class=\"has-vivid-cyan-blue-color has-text-color has-link-color wp-elements-6b6393c5accb9501e456274a0653b7d4\"><strong>Autorizado conforme al Punto Cuarto, inciso 4.1, del Acta de Sesi\u00f3n Ordinaria No. 9\/2025-2027 de Junta Directiva de fecha 30 de abril de 2026.<\/strong><\/p>\n\n\n\n<p><em>Para enviar una solicitud de actualizaci\u00f3n de datos siga los siguientes pasos:<\/em><\/p>\n\n\n\n<ul class=\"wp-block-list\">\n<li><strong>Llene todos los campos de este formulario.<\/strong><\/li>\n\n\n\n<li><strong>Suba la fotograf\u00eda de la parte frontal de su DPI.<\/strong><\/li>\n\n\n\n<li><strong>Valide que toda la informaci\u00f3n ingresada sea la correcta.<\/strong><\/li>\n\n\n\n<li><strong>Clic en el bot\u00f3n Enviar.<\/strong><\/li>\n\n\n\n<li><strong>Esperar a que se comuniquen con usted v\u00eda correo electr\u00f3nico o llamada telef\u00f3nica.<\/strong><\/li>\n<\/ul>\n\n\n\n<div class=\"forminator-guttenberg\"><div class=\"forminator-ui forminator-custom-form forminator-custom-form-2541 forminator-design--default  forminator_ajax\" data-forminator-render=\"0\" data-form=\"forminator-module-2541\" data-uid=\"6a0320a5c30cf\"><br\/><\/div><form\n\t\t\t\tid=\"forminator-module-2541\"\n\t\t\t\tclass=\"forminator-ui forminator-custom-form forminator-custom-form-2541 forminator-design--default  forminator_ajax\"\n\t\t\t\tmethod=\"post\"\n\t\t\t\tdata-forminator-render=\"0\"\n\t\t\t\tdata-form-id=\"2541\"\n\t\t\t\tenctype=\"multipart\/form-data\" data-color-option=\"theme\" data-design=\"default\" data-grid=\"open\" style=\"display: none;\"\n\t\t\t\tdata-uid=\"6a0320a5c30cf\"\n\t\t\t><div role=\"alert\" aria-live=\"polite\" class=\"forminator-response-message forminator-error\" aria-hidden=\"true\"><\/div><div class=\"forminator-row\"><div id=\"number-1\" class=\"forminator-field-number forminator-col forminator-col-6 \"><div class=\"forminator-field\"><label for=\"forminator-field-number-1_6a0320a5c30cf\" id=\"forminator-field-number-1_6a0320a5c30cf-label\" class=\"forminator-label\">N\u00famero Colegiado (Ingresar solo n\u00fameros) <span class=\"forminator-required\">*<\/span><\/label><input name=\"number-1\" value=\"\" placeholder=\"\" id=\"forminator-field-number-1_6a0320a5c30cf\" class=\"forminator-input forminator-number--field\" inputmode=\"decimal\" data-required=\"1\" data-decimals=\"0\" aria-required=\"true\" data-inputmask=\"&#039;groupSeparator&#039;: &#039;&#039;, &#039;radixPoint&#039;: &#039;&#039;, &#039;digits&#039;: &#039;0&#039;\" data-hidden-behavior=\"zero\" type=\"number\" step=\"any\" min=\"1\" \/><\/div><\/div><div id=\"email-1\" class=\"forminator-field-email forminator-col forminator-col-6 \"><div class=\"forminator-field\"><label for=\"forminator-field-email-1_6a0320a5c30cf\" id=\"forminator-field-email-1_6a0320a5c30cf-label\" class=\"forminator-label\">Correo electr\u00f3nico <span class=\"forminator-required\">*<\/span><\/label><input type=\"email\" name=\"email-1\" value=\"\" placeholder=\"\" id=\"forminator-field-email-1_6a0320a5c30cf\" class=\"forminator-input forminator-email--field\" data-required=\"1\" aria-required=\"true\" autocomplete=\"email\" \/><\/div><\/div><\/div><div class=\"forminator-row\"><div id=\"name-2\" class=\"forminator-field-name forminator-col forminator-col-12 \"><div class=\"forminator-field\"><label for=\"forminator-field-name-2_6a0320a5c30cf\" id=\"forminator-field-name-2_6a0320a5c30cf-label\" class=\"forminator-label\">Apellidos y Nombres <span class=\"forminator-required\">*<\/span><\/label><input type=\"text\" name=\"name-2\" value=\"\" placeholder=\"ESCRIBIR SUS APELLIDOS Y NOMBRES CON LETRA MAY\u00daSCULA\" id=\"forminator-field-name-2_6a0320a5c30cf\" class=\"forminator-input forminator-name--field\" aria-required=\"true\" autocomplete=\"name\" \/><\/div><\/div><\/div><div class=\"forminator-row\"><div id=\"number-2\" class=\"forminator-field-number forminator-col forminator-col-6 \"><div class=\"forminator-field\"><label for=\"forminator-field-number-2_6a0320a5c30cf\" id=\"forminator-field-number-2_6a0320a5c30cf-label\" class=\"forminator-label\">NIT (Ingresar solo n\u00fameros) <span class=\"forminator-required\">*<\/span><\/label><input name=\"number-2\" value=\"\" placeholder=\"\" id=\"forminator-field-number-2_6a0320a5c30cf\" class=\"forminator-input forminator-number--field\" inputmode=\"decimal\" data-required=\"1\" data-decimals=\"0\" aria-required=\"true\" data-inputmask=\"&#039;groupSeparator&#039;: &#039;&#039;, &#039;radixPoint&#039;: &#039;&#039;, &#039;digits&#039;: &#039;0&#039;\" data-hidden-behavior=\"zero\" type=\"number\" step=\"any\" min=\"1\" \/><\/div><\/div><div id=\"number-3\" class=\"forminator-field-number forminator-col forminator-col-6 \"><div class=\"forminator-field\"><label for=\"forminator-field-number-3_6a0320a5c30cf\" id=\"forminator-field-number-3_6a0320a5c30cf-label\" class=\"forminator-label\">Tel\u00e9fono (Ingresar solo n\u00fameros) <span class=\"forminator-required\">*<\/span><\/label><input name=\"number-3\" value=\"\" placeholder=\"\" id=\"forminator-field-number-3_6a0320a5c30cf\" class=\"forminator-input forminator-number--field\" inputmode=\"decimal\" data-required=\"1\" data-decimals=\"0\" aria-required=\"true\" data-inputmask=\"&#039;groupSeparator&#039;: &#039;&#039;, &#039;radixPoint&#039;: &#039;&#039;, &#039;digits&#039;: &#039;0&#039;\" data-hidden-behavior=\"zero\" type=\"number\" step=\"any\" min=\"1\" \/><\/div><\/div><\/div><div class=\"forminator-row\"><div id=\"address-1\" class=\"forminator-field-address forminator-col forminator-col-12 \"><div class=\"forminator-row\"><div id=\"address-1-street_address\" class=\"forminator-col\"><div class=\"forminator-field\"><label for=\"forminator-field-address-1-street_address_6a0320a5c30cf\" id=\"forminator-field-address-1-street_address_6a0320a5c30cf-label\" class=\"forminator-label\">Direcci\u00f3n <span class=\"forminator-required\">*<\/span><\/label><input type=\"text\" name=\"address-1-street_address\" placeholder=\"\" id=\"forminator-field-address-1-street_address_6a0320a5c30cf\" class=\"forminator-input\" data-required=\"1\" aria-required=\"true\" autocomplete=\"address-line1\" value=\"\" \/><\/div><\/div><\/div><\/div><\/div><div class=\"forminator-row\"><div id=\"select-1\" class=\"forminator-field-select forminator-col forminator-col-12 \"><div class=\"forminator-field\"><label for=\"forminator-form-2541__field--select-1_6a0320a5c30cf\" id=\"forminator-form-2541__field--select-1_6a0320a5c30cf-label\" class=\"forminator-label\">Departamento <span class=\"forminator-required\">*<\/span><\/label><select  id=\"forminator-form-2541__field--select-1_6a0320a5c30cf\" class=\"forminator-select--field forminator-select2 forminator-select2-multiple\" data-required=\"1\" name=\"select-1\" data-default-value=\"Alta Verapaz\" data-hidden-behavior=\"zero\" data-placeholder=\"Por favor, selecciona una opci\u00f3n\" data-search=\"false\" data-search-placeholder=\"Por favor, selecciona una opci\u00f3n\" data-checkbox=\"false\" data-allow-clear=\"false\" aria-labelledby=\"forminator-form-2541__field--select-1_6a0320a5c30cf-label\"><option value=\"\"  >Por favor, selecciona una opci\u00f3n<\/option><option value=\"Alta Verapaz\" selected=\"selected\" data-calculation=\"0\">Alta Verapaz<\/option><option value=\"Baja Verapaz\"  data-calculation=\"0\">Baja Verapaz<\/option><option value=\"Chimaltenango\"  data-calculation=\"0\">Chimaltenango<\/option><option value=\"Chiquimula\"  data-calculation=\"0\">Chiquimula<\/option><option value=\"Guatemala\"  data-calculation=\"0\">Guatemala<\/option><option value=\"El Progreso\"  data-calculation=\"0\">El Progreso<\/option><option value=\"Escuintla\"  data-calculation=\"0\">Escuintla<\/option><option value=\"Huehuetenango\"  data-calculation=\"0\">Huehuetenango<\/option><option value=\"Izabal\"  data-calculation=\"0\">Izabal<\/option><option value=\"Jalapa\"  data-calculation=\"0\">Jalapa<\/option><option value=\"Jutiapa\"  data-calculation=\"0\">Jutiapa<\/option><option value=\"Pet\u00e9n\"  data-calculation=\"0\">Pet\u00e9n<\/option><option value=\"Quetzaltenango\"  data-calculation=\"0\">Quetzaltenango<\/option><option value=\"Quich\u00e9\"  data-calculation=\"0\">Quich\u00e9<\/option><option value=\"Retalhuleu\"  data-calculation=\"0\">Retalhuleu<\/option><option value=\"Sacatepequez\"  data-calculation=\"0\">Sacatepequez<\/option><option value=\"San Marcos\"  data-calculation=\"0\">San Marcos<\/option><option value=\"Santa Rosa\"  data-calculation=\"0\">Santa Rosa<\/option><option value=\"Solol\u00e1\"  data-calculation=\"0\">Solol\u00e1<\/option><option value=\"Suchitepequez\"  data-calculation=\"0\">Suchitepequez<\/option><option value=\"Totonicap\u00e1n\"  data-calculation=\"0\">Totonicap\u00e1n<\/option><option value=\"Zacapa\"  data-calculation=\"0\">Zacapa<\/option><\/select><\/div><\/div><\/div><div class=\"forminator-row\"><div id=\"select-2\" class=\"forminator-field-select forminator-col forminator-col-12 \"><div class=\"forminator-field\"><label for=\"forminator-form-2541__field--select-2_6a0320a5c30cf\" id=\"forminator-form-2541__field--select-2_6a0320a5c30cf-label\" class=\"forminator-label\">Municipio <span class=\"forminator-required\">*<\/span><\/label><select  id=\"forminator-form-2541__field--select-2_6a0320a5c30cf\" class=\"forminator-select--field forminator-select2 forminator-select2-multiple\" data-required=\"1\" name=\"select-2\" data-default-value=\"Cob\u00e1n\" data-hidden-behavior=\"zero\" data-placeholder=\"Por favor, selecciona una opci\u00f3n\" data-search=\"false\" data-search-placeholder=\"Por favor, selecciona una opci\u00f3n\" data-checkbox=\"false\" data-allow-clear=\"false\" aria-labelledby=\"forminator-form-2541__field--select-2_6a0320a5c30cf-label\"><option value=\"\"  >Por favor, selecciona una opci\u00f3n<\/option><option value=\"Cob\u00e1n\" selected=\"selected\" data-calculation=\"0\">Cob\u00e1n<\/option><option value=\"Santa Cruz Verapaz\"  data-calculation=\"0\">Santa Cruz Verapaz<\/option><option value=\"San Crist\u00f3bal Verapaz\"  data-calculation=\"0\">San Crist\u00f3bal Verapaz<\/option><option value=\"Tactic\"  data-calculation=\"0\">Tactic<\/option><option value=\"Tamah\u00fa\"  data-calculation=\"0\">Tamah\u00fa<\/option><option value=\"Tucur\u00fa\"  data-calculation=\"0\">Tucur\u00fa<\/option><option value=\"Panz\u00f3s\"  data-calculation=\"0\">Panz\u00f3s<\/option><option value=\"Senah\u00fa\"  data-calculation=\"0\">Senah\u00fa<\/option><option value=\"San Pedro Carch\u00e1\"  data-calculation=\"0\">San Pedro Carch\u00e1<\/option><option value=\"San Juan Chamelco\"  data-calculation=\"0\">San Juan Chamelco<\/option><option value=\"Lanqu\u00edn\"  data-calculation=\"0\">Lanqu\u00edn<\/option><option value=\"Cahab\u00f3n\"  data-calculation=\"0\">Cahab\u00f3n<\/option><option value=\"Chisec\"  data-calculation=\"0\">Chisec<\/option><option value=\"Chahal\"  data-calculation=\"0\">Chahal<\/option><option value=\"Fray Bartolom\u00e9 de las Casas\"  data-calculation=\"0\">Fray Bartolom\u00e9 de las Casas<\/option><option value=\"Santa Catalina la Tinta\"  data-calculation=\"0\">Santa Catalina la Tinta<\/option><option value=\"Raxruh\u00e1\"  data-calculation=\"0\">Raxruh\u00e1<\/option><\/select><\/div><\/div><\/div><div class=\"forminator-row\"><div id=\"upload-1\" class=\"forminator-field-upload forminator-col forminator-col-12 \"><div class=\"forminator-field\"><label for=\"forminator-field-upload-1_6a0320a5c30cf\" id=\"forminator-field-upload-1_6a0320a5c30cf-label\" class=\"forminator-label\">Subir imagen DPI <span class=\"forminator-required\">*<\/span><\/label><div class=\"forminator-file-upload \" data-element=\"upload-1_6a0320a5c30cf\"><input type=\"file\" name=\"upload-1\" id=\"forminator-field-upload-1_6a0320a5c30cf\" class=\"forminator-input-file-required do-validate\" accept=\".jpg,.jpeg,.jpe,.gif,.png,.bmp,.tiff,.tif,.webp,.avif,.ico,.heic,.heif,.heics,.heifs,.asf,.asx,.wmv,.wmx,.wm,.avi,.divx,.flv,.mov,.qt,.mpeg,.mpg,.mpe,.mp4,.m4v,.ogv,.webm,.mkv,.3gp,.3gpp,.3g2,.3gp2,.txt,.asc,.c,.cc,.h,.srt,.csv,.tsv,.ics,.rtx,.vtt,.mp3,.m4a,.m4b,.aac,.ra,.ram,.wav,.x-wav,.ogg,.oga,.flac,.mid,.midi,.wma,.wax,.mka,.rtf,.pdf,.class,.tar,.zip,.gz,.gzip,.7z,.psd,.xcf,.doc,.pot,.pps,.ppt,.wri,.xla,.xls,.xlt,.xlw,.mdb,.mpp,.docx,.docm,.dotx,.dotm,.xlsx,.xlsm,.xlsb,.xltx,.xltm,.xlam,.pptx,.pptm,.ppsx,.ppsm,.potx,.potm,.ppam,.sldx,.sldm,.onetoc,.onetoc2,.onetmp,.onepkg,.oxps,.xps,.odt,.odp,.ods,.odg,.odc,.odb,.odf,.wp,.wpd,.key,.numbers,.pages\" tabindex=\"-1\"><button id=\"forminator-field-upload-1_6a0320a5c30cf_button\" class=\"forminator-button forminator-button-upload\" data-id=\"forminator-field-upload-1_6a0320a5c30cf\">Elegir archivo<\/button><span data-empty-text=\"Ning\u00fan archivo seleccionado\">Ning\u00fan archivo seleccionado<\/span><button class=\"forminator-button-delete\" style=\"display: none;\"><i class=\"forminator-icon-close\" aria-hidden=\"true\"><\/i><span class=\"forminator-screen-reader-only\">Eliminar el archivo subido<\/span><\/button><\/div><\/div><\/div><\/div><input type=\"hidden\" name=\"referer_url\" value=\"\" \/><div class=\"forminator-row forminator-row-last\"><div class=\"forminator-col\"><div class=\"forminator-field\"><button class=\"forminator-button forminator-button-submit\">Enviar<\/button><\/div><\/div><\/div><input type=\"hidden\" id=\"forminator_nonce\" name=\"forminator_nonce\" value=\"6b6bec5ccb\" \/><input type=\"hidden\" name=\"_wp_http_referer\" value=\"\/cph\/wp-json\/wp\/v2\/pages\/2542\" \/><input type=\"hidden\" name=\"form_id\" value=\"2541\"><input type=\"hidden\" name=\"page_id\" value=\"2542\"><input type=\"hidden\" name=\"form_type\" value=\"default\"><input type=\"hidden\" name=\"current_url\" value=\"https:\/\/colegiodehumanidades.gt\/cph\/actualizacion-de-datos-agremiados\/\"><input type=\"hidden\" name=\"render_id\" value=\"0\"><input type=\"hidden\" name=\"action\" value=\"forminator_submit_form_custom-forms\"><\/form><\/div>\n\n\n\n<p><\/p>\n","protected":false},"excerpt":{"rendered":"<p>Autorizado conforme al Punto Cuarto, inciso 4.1, del Acta de Sesi\u00f3n Ordinaria No. 9\/2025-2027 de Junta Directiva de fecha 30 de abril de 2026. Para enviar una solicitud de actualizaci\u00f3n de datos siga los siguientes pasos:<\/p>\n","protected":false},"author":1,"featured_media":0,"parent":0,"menu_order":0,"comment_status":"closed","ping_status":"closed","template":"elementor_theme","meta":{"footnotes":""},"class_list":["post-2542","page","type-page","status-publish","hentry"],"_links":{"self":[{"href":"https:\/\/colegiodehumanidades.gt\/cph\/wp-json\/wp\/v2\/pages\/2542","targetHints":{"allow":["GET"]}}],"collection":[{"href":"https:\/\/colegiodehumanidades.gt\/cph\/wp-json\/wp\/v2\/pages"}],"about":[{"href":"https:\/\/colegiodehumanidades.gt\/cph\/wp-json\/wp\/v2\/types\/page"}],"author":[{"embeddable":true,"href":"https:\/\/colegiodehumanidades.gt\/cph\/wp-json\/wp\/v2\/users\/1"}],"replies":[{"embeddable":true,"href":"https:\/\/colegiodehumanidades.gt\/cph\/wp-json\/wp\/v2\/comments?post=2542"}],"version-history":[{"count":7,"href":"https:\/\/colegiodehumanidades.gt\/cph\/wp-json\/wp\/v2\/pages\/2542\/revisions"}],"predecessor-version":[{"id":2595,"href":"https:\/\/colegiodehumanidades.gt\/cph\/wp-json\/wp\/v2\/pages\/2542\/revisions\/2595"}],"wp:attachment":[{"href":"https:\/\/colegiodehumanidades.gt\/cph\/wp-json\/wp\/v2\/media?parent=2542"}],"curies":[{"name":"wp","href":"https:\/\/api.w.org\/{rel}","templated":true}]}}